{"id":1765,"date":"2025-05-03T15:15:30","date_gmt":"2025-05-03T15:15:30","guid":{"rendered":"https:\/\/dakaccess.com\/?page_id=1765"},"modified":"2025-05-03T15:21:14","modified_gmt":"2025-05-03T15:21:14","slug":"remboursements_retours","status":"publish","type":"page","link":"https:\/\/westwoodakar.com\/es\/remboursements_retours\/","title":{"rendered":"Politique en mati\u00e8re de remboursements et de retours"},"content":{"rendered":"<div data-elementor-type=\"wp-page\" data-elementor-id=\"1765\" class=\"elementor elementor-1765\">\n\t\t\t\t\t\t<section class=\"elementor-section elementor-top-section elementor-element elementor-element-5558ed19 elementor-section-boxed elementor-section-height-default elementor-section-height-default\" data-id=\"5558ed19\" data-element_type=\"section\">\n\t\t\t\t\t\t<div class=\"elementor-container elementor-column-gap-default\">\n\t\t\t\t\t<div class=\"elementor-column elementor-col-100 elementor-top-column elementor-element elementor-element-210119fb\" data-id=\"210119fb\" data-element_type=\"column\">\n\t\t\t<div class=\"elementor-widget-wrap elementor-element-populated\">\n\t\t\t\t\t\t<div class=\"elementor-element elementor-element-3407f2db elementor-widget elementor-widget-text-editor\" data-id=\"3407f2db\" data-element_type=\"widget\" data-widget_type=\"text-editor.default\">\n\t\t\t\t<div class=\"elementor-widget-container\">\n\t\t\t\t\t\t\t\t\t<div style=\"text-align: center;\"><span style=\"color: #000000;\"><strong>Chez Westwood Dakar , votre confiance est pr\u00e9cieuse.<\/strong><\/span><\/div>\n<div style=\"text-align: center;\"><span style=\"color: #000000;\"><strong>On collecte uniquement ce qui est n\u00e9cessaire pour vous servir au mieux sans jamais d\u00e9passer les limites.<\/strong><\/span><\/div>\n<div style=\"text-align: center;\"><span style=\"color: #000000;\"><strong>Vos donn\u00e9es vous appartiennent. Notre mission : les prot\u00e9ger pas les exploiter.<\/strong><\/span><\/div>\n<div style=\"text-align: center;\">\u00a0<\/div>\n<div style=\"text-align: center;\"><span style=\"color: #000000;\"><strong>Ce que nous collectons<\/strong><\/span><\/div>\n<div style=\"text-align: center;\"><span style=\"color: #000000;\"><strong>\u2022Vos informations personnelles (nom, adresse, email, num\u00e9ro)<\/strong><\/span><\/div>\n<div style=\"text-align: center;\"><span style=\"color: #000000;\"><strong>\u2022Vos d\u00e9tails de paiement (s\u00e9curis\u00e9s et encrypt\u00e9s)<\/strong><\/span><\/div>\n<div style=\"text-align: center;\"><span style=\"color: #000000;\"><strong>\u2022Vos interactions sur notre site (navigation anonyme)<\/strong><\/span><\/div>\n<div style=\"text-align: center;\">\u00a0<\/div>\n<div style=\"text-align: center;\"><span style=\"color: #000000;\"><strong>\u2e3b<\/strong><\/span><\/div>\n<div style=\"text-align: center;\">\u00a0<\/div>\n<div style=\"text-align: center;\"><span style=\"color: #000000;\"><strong>Comment nous utilisons vos donn\u00e9es<\/strong><\/span><\/div>\n<div style=\"text-align: center;\"><span style=\"color: #000000;\"><strong>\u2022Pour traiter et exp\u00e9dier vos commandes rapidement<\/strong><\/span><\/div>\n<div style=\"text-align: center;\"><span style=\"color: #000000;\"><strong>\u2022Pour vous informer de votre suivi de commande<\/strong><\/span><\/div>\n<div style=\"text-align: center;\"><span style=\"color: #000000;\"><strong>\u2022Pour am\u00e9liorer notre site et votre exp\u00e9rience<\/strong><\/span><\/div>\n<div style=\"text-align: center;\"><span style=\"color: #000000;\"><strong>\u2022Jamais pour vendre ou partager sans votre accord<\/strong><\/span><\/div>\n<div style=\"text-align: center;\">\u00a0<\/div>\n<div style=\"text-align: center;\"><span style=\"color: #000000;\"><strong>\u2e3b<\/strong><\/span><\/div>\n<div style=\"text-align: center;\">\u00a0<\/div>\n<div style=\"text-align: center;\"><span style=\"color: #000000;\"><strong>Notre engagement<\/strong><\/span><\/div>\n<div style=\"text-align: center;\">\u00a0<\/div>\n<div style=\"text-align: center;\"><span style=\"color: #000000;\"><strong>La confidentialit\u00e9 n\u2019est pas un choix, c\u2019est une r\u00e8gle.<\/strong><\/span><\/div>\n<div style=\"text-align: center;\"><span style=\"color: #000000;\"><strong>Vos donn\u00e9es sont stock\u00e9es en s\u00e9curit\u00e9 et ne seront jamais utilis\u00e9es \u00e0 d\u2019autres fins que celles que vous avez valid\u00e9es.<\/strong><\/span><\/div>\n<div style=\"text-align: center;\">\u00a0<\/div>\n<div style=\"text-align: center;\"><span style=\"color: #000000;\"><strong>\u2e3b<\/strong><\/span><\/div>\n<div style=\"text-align: center;\">\u00a0<\/div>\n<div style=\"text-align: center;\"><span style=\"color: #000000;\"><strong>Vos droits<\/strong><\/span><\/div>\n<div style=\"text-align: center;\">\u00a0<\/div>\n<div style=\"text-align: center;\"><span style=\"color: #000000;\"><strong>\u00c0 tout moment, vous pouvez :<\/strong><\/span><\/div>\n<div style=\"text-align: center;\"><span style=\"color: #000000;\"><strong>\u2022Consulter vos informations<\/strong><\/span><\/div>\n<div style=\"text-align: center;\"><span style=\"color: #000000;\"><strong>\u2022Les corriger<\/strong><\/span><\/div>\n<div style=\"text-align: center;\"><span style=\"color: #000000;\"><strong>\u2022Demander leur suppression d\u00e9finitive<\/strong><\/span><\/div>\n<div style=\"text-align: center;\">\u00a0<\/div>\n<div style=\"text-align: center;\"><span style=\"color: #000000;\"><strong>Contactez-nous simplement via contact@westwooddakar@gmalcom.<\/strong><\/span><\/div>\t\t\t\t\t\t\t\t<\/div>\n\t\t\t\t<\/div>\n\t\t\t\t\t<\/div>\n\t\t<\/div>\n\t\t\t\t\t<\/div>\n\t\t<\/section>\n\t\t\t\t<\/div>","protected":false},"excerpt":{"rendered":"<p>Chez Westwood Dakar , votre confiance est pr\u00e9cieuse. On collecte uniquement ce qui est n\u00e9cessaire pour vous servir au mieux sans jamais d\u00e9passer les limites.<\/p>","protected":false},"author":1,"featured_media":0,"parent":0,"menu_order":0,"comment_status":"closed","ping_status":"closed","template":"","meta":{"footnotes":""},"class_list":["post-1765","page","type-page","status-publish","hentry"],"yoast_head":"<!-- This site is optimized with the Yoast SEO plugin v26.6 - https:\/\/yoast.com\/wordpress\/plugins\/seo\/ -->\n<title>Politique en mati\u00e8re de remboursements et de retours - West Wood Dakar<\/title>\n<meta name=\"robots\" content=\"index, follow, max-snippet:-1, max-image-preview:large, max-video-preview:-1\" \/>\n<link rel=\"canonical\" href=\"https:\/\/westwoodakar.com\/es\/remboursements_retours\/\" \/>\n<meta property=\"og:locale\" content=\"es_ES\" \/>\n<meta property=\"og:type\" content=\"article\" \/>\n<meta property=\"og:title\" content=\"Politique en mati\u00e8re de remboursements et de retours - West Wood Dakar\" \/>\n<meta property=\"og:description\" content=\"Chez Westwood Dakar , votre confiance est pr\u00e9cieuse. On collecte uniquement ce qui est n\u00e9cessaire pour vous servir au mieux sans jamais d\u00e9passer les limites.\" \/>\n<meta property=\"og:url\" content=\"https:\/\/westwoodakar.com\/es\/remboursements_retours\/\" \/>\n<meta property=\"og:site_name\" content=\"West Wood Dakar\" \/>\n<meta property=\"article:modified_time\" content=\"2025-05-03T15:21:14+00:00\" \/>\n<meta name=\"twitter:card\" content=\"summary_large_image\" \/>\n<meta name=\"twitter:label1\" content=\"Tiempo de lectura\" \/>\n\t<meta name=\"twitter:data1\" content=\"1 minuto\" \/>\n<script type=\"application\/ld+json\" class=\"yoast-schema-graph\">{\"@context\":\"https:\/\/schema.org\",\"@graph\":[{\"@type\":\"WebPage\",\"@id\":\"https:\/\/westwoodakar.com\/remboursements_retours\/\",\"url\":\"https:\/\/westwoodakar.com\/remboursements_retours\/\",\"name\":\"Politique en mati\u00e8re de remboursements et de retours - West Wood Dakar\",\"isPartOf\":{\"@id\":\"https:\/\/westwoodakar.com\/es\/#website\"},\"datePublished\":\"2025-05-03T15:15:30+00:00\",\"dateModified\":\"2025-05-03T15:21:14+00:00\",\"breadcrumb\":{\"@id\":\"https:\/\/westwoodakar.com\/remboursements_retours\/#breadcrumb\"},\"inLanguage\":\"es\",\"potentialAction\":[{\"@type\":\"ReadAction\",\"target\":[\"https:\/\/westwoodakar.com\/remboursements_retours\/\"]}]},{\"@type\":\"BreadcrumbList\",\"@id\":\"https:\/\/westwoodakar.com\/remboursements_retours\/#breadcrumb\",\"itemListElement\":[{\"@type\":\"ListItem\",\"position\":1,\"name\":\"Accueil\",\"item\":\"https:\/\/westwoodakar.com\/\"},{\"@type\":\"ListItem\",\"position\":2,\"name\":\"Politique en mati\u00e8re de remboursements et de retours\"}]},{\"@type\":\"WebSite\",\"@id\":\"https:\/\/westwoodakar.com\/es\/#website\",\"url\":\"https:\/\/westwoodakar.com\/es\/\",\"name\":\"West Wood Dakar\",\"description\":\"Boutique Officielle\",\"potentialAction\":[{\"@type\":\"SearchAction\",\"target\":{\"@type\":\"EntryPoint\",\"urlTemplate\":\"https:\/\/westwoodakar.com\/es\/?s={search_term_string}\"},\"query-input\":{\"@type\":\"PropertyValueSpecification\",\"valueRequired\":true,\"valueName\":\"search_term_string\"}}],\"inLanguage\":\"es\"}]}<\/script>\n<!-- \/ Yoast SEO plugin. -->","yoast_head_json":{"title":"Politique en mati\u00e8re de remboursements et de retours - West Wood Dakar","robots":{"index":"index","follow":"follow","max-snippet":"max-snippet:-1","max-image-preview":"max-image-preview:large","max-video-preview":"max-video-preview:-1"},"canonical":"https:\/\/westwoodakar.com\/es\/remboursements_retours\/","og_locale":"es_ES","og_type":"article","og_title":"Politique en mati\u00e8re de remboursements et de retours - West Wood Dakar","og_description":"Chez Westwood Dakar , votre confiance est pr\u00e9cieuse. On collecte uniquement ce qui est n\u00e9cessaire pour vous servir au mieux sans jamais d\u00e9passer les limites.","og_url":"https:\/\/westwoodakar.com\/es\/remboursements_retours\/","og_site_name":"West Wood Dakar","article_modified_time":"2025-05-03T15:21:14+00:00","twitter_card":"summary_large_image","twitter_misc":{"Tiempo de lectura":"1 minuto"},"schema":{"@context":"https:\/\/schema.org","@graph":[{"@type":"WebPage","@id":"https:\/\/westwoodakar.com\/remboursements_retours\/","url":"https:\/\/westwoodakar.com\/remboursements_retours\/","name":"Politique en mati\u00e8re de remboursements et de retours - West Wood Dakar","isPartOf":{"@id":"https:\/\/westwoodakar.com\/es\/#website"},"datePublished":"2025-05-03T15:15:30+00:00","dateModified":"2025-05-03T15:21:14+00:00","breadcrumb":{"@id":"https:\/\/westwoodakar.com\/remboursements_retours\/#breadcrumb"},"inLanguage":"es","potentialAction":[{"@type":"ReadAction","target":["https:\/\/westwoodakar.com\/remboursements_retours\/"]}]},{"@type":"BreadcrumbList","@id":"https:\/\/westwoodakar.com\/remboursements_retours\/#breadcrumb","itemListElement":[{"@type":"ListItem","position":1,"name":"Accueil","item":"https:\/\/westwoodakar.com\/"},{"@type":"ListItem","position":2,"name":"Politique en mati\u00e8re de remboursements et de retours"}]},{"@type":"WebSite","@id":"https:\/\/westwoodakar.com\/es\/#website","url":"https:\/\/westwoodakar.com\/es\/","name":"West Wood Dakar","description":"Boutique Officielle","potentialAction":[{"@type":"SearchAction","target":{"@type":"EntryPoint","urlTemplate":"https:\/\/westwoodakar.com\/es\/?s={search_term_string}"},"query-input":{"@type":"PropertyValueSpecification","valueRequired":true,"valueName":"search_term_string"}}],"inLanguage":"es"}]}},"jetpack_sharing_enabled":true,"_links":{"self":[{"href":"https:\/\/westwoodakar.com\/es\/wp-json\/wp\/v2\/pages\/1765","targetHints":{"allow":["GET"]}}],"collection":[{"href":"https:\/\/westwoodakar.com\/es\/wp-json\/wp\/v2\/pages"}],"about":[{"href":"https:\/\/westwoodakar.com\/es\/wp-json\/wp\/v2\/types\/page"}],"author":[{"embeddable":true,"href":"https:\/\/westwoodakar.com\/es\/wp-json\/wp\/v2\/users\/1"}],"replies":[{"embeddable":true,"href":"https:\/\/westwoodakar.com\/es\/wp-json\/wp\/v2\/comments?post=1765"}],"version-history":[{"count":8,"href":"https:\/\/westwoodakar.com\/es\/wp-json\/wp\/v2\/pages\/1765\/revisions"}],"predecessor-version":[{"id":3504,"href":"https:\/\/westwoodakar.com\/es\/wp-json\/wp\/v2\/pages\/1765\/revisions\/3504"}],"wp:attachment":[{"href":"https:\/\/westwoodakar.com\/es\/wp-json\/wp\/v2\/media?parent=1765"}],"curies":[{"name":"wp","href":"https:\/\/api.w.org\/{rel}","templated":true}]}}